{"id":107,"date":"2017-12-07T07:06:35","date_gmt":"2017-12-07T07:06:35","guid":{"rendered":"http:\/\/www.kc-dsp.de\/?page_id=107"},"modified":"2026-02-06T08:04:55","modified_gmt":"2026-02-06T08:04:55","slug":"ausfluege","status":"publish","type":"page","link":"https:\/\/www.kc-dsp.de\/?page_id=107","title":{"rendered":"Wir kommen mal raus"},"content":{"rendered":"<ul>\n<li>2026: Vom 01.10 bis 04.10.2026 gro\u00dfer Jahresausflug. Ziel: <strong>\u00dcberraschung<\/strong><\/li>\n<\/ul>\n<p>&nbsp;<\/p>\n<ul>\n<li>2025: Kleiner Ausflug 3.10:\u00a0 Vorher inne Post und dann Oktoberfest M\u00fcnster<\/li>\n<\/ul>\n<p>&nbsp;<\/p>\n<ul>\n<li>2024: <strong>L\u00fcneburg<\/strong> 20.09 &#8211; 22.09<\/li>\n<\/ul>\n<p><img loading=\"lazy\" decoding=\"async\" class=\"alignleft size-medium wp-image-351\" src=\"https:\/\/www.kc-dsp.de\/wp-content\/uploads\/2024\/10\/IMG_4365-300x258.jpg\" alt=\"\" width=\"300\" height=\"258\" srcset=\"https:\/\/www.kc-dsp.de\/wp-content\/uploads\/2024\/10\/IMG_4365-300x258.jpg 300w, https:\/\/www.kc-dsp.de\/wp-content\/uploads\/2024\/10\/IMG_4365-1024x881.jpg 1024w, https:\/\/www.kc-dsp.de\/wp-content\/uploads\/2024\/10\/IMG_4365-768x660.jpg 768w, https:\/\/www.kc-dsp.de\/wp-content\/uploads\/2024\/10\/IMG_4365-1536x1321.jpg 1536w, https:\/\/www.kc-dsp.de\/wp-content\/uploads\/2024\/10\/IMG_4365.jpg 1600w\" sizes=\"auto, (max-width: 300px) 100vw, 300px\" \/><\/p>\n<p>&nbsp;<\/p>\n<p>&nbsp;<\/p>\n<p>&nbsp;<\/p>\n<p>&nbsp;<\/p>\n<p>&nbsp;<\/p>\n<p>&nbsp;<\/p>\n<ul>\n<li>2022: <strong>Hamburg<\/strong> 16.09 &#8211; 18.09, Hafengeburtstag<\/li>\n<\/ul>\n<p><img loading=\"lazy\" decoding=\"async\" class=\"alignleft size-medium wp-image-290\" src=\"https:\/\/www.kc-dsp.de\/wp-content\/uploads\/2022\/11\/89e06c2c-9e1e-4270-b05d-f39c7c5cf3e1-300x225.jpg\" alt=\"\" width=\"300\" height=\"225\" srcset=\"https:\/\/www.kc-dsp.de\/wp-content\/uploads\/2022\/11\/89e06c2c-9e1e-4270-b05d-f39c7c5cf3e1-300x225.jpg 300w, https:\/\/www.kc-dsp.de\/wp-content\/uploads\/2022\/11\/89e06c2c-9e1e-4270-b05d-f39c7c5cf3e1-1024x768.jpg 1024w, https:\/\/www.kc-dsp.de\/wp-content\/uploads\/2022\/11\/89e06c2c-9e1e-4270-b05d-f39c7c5cf3e1-768x576.jpg 768w, https:\/\/www.kc-dsp.de\/wp-content\/uploads\/2022\/11\/89e06c2c-9e1e-4270-b05d-f39c7c5cf3e1-1536x1152.jpg 1536w, https:\/\/www.kc-dsp.de\/wp-content\/uploads\/2022\/11\/89e06c2c-9e1e-4270-b05d-f39c7c5cf3e1.jpg 2048w\" sizes=\"auto, (max-width: 300px) 100vw, 300px\" \/> <img loading=\"lazy\" decoding=\"async\" class=\"alignleft size-medium wp-image-291\" src=\"https:\/\/www.kc-dsp.de\/wp-content\/uploads\/2022\/11\/204a6145-5287-4558-ba54-c57b857383f4-300x169.jpg\" alt=\"\" width=\"300\" height=\"169\" srcset=\"https:\/\/www.kc-dsp.de\/wp-content\/uploads\/2022\/11\/204a6145-5287-4558-ba54-c57b857383f4-300x169.jpg 300w, https:\/\/www.kc-dsp.de\/wp-content\/uploads\/2022\/11\/204a6145-5287-4558-ba54-c57b857383f4-1024x576.jpg 1024w, https:\/\/www.kc-dsp.de\/wp-content\/uploads\/2022\/11\/204a6145-5287-4558-ba54-c57b857383f4-768x432.jpg 768w, https:\/\/www.kc-dsp.de\/wp-content\/uploads\/2022\/11\/204a6145-5287-4558-ba54-c57b857383f4-1536x864.jpg 1536w, https:\/\/www.kc-dsp.de\/wp-content\/uploads\/2022\/11\/204a6145-5287-4558-ba54-c57b857383f4.jpg 1600w\" sizes=\"auto, (max-width: 300px) 100vw, 300px\" \/><\/p>\n<p>&nbsp;<\/p>\n<p>&nbsp;<\/p>\n<p>&nbsp;<\/p>\n<p>&nbsp;<\/p>\n<p>&nbsp;<\/p>\n<ul>\n<li>2021: <strong>M\u00fcnster<\/strong> &#8211; MS G\u00fcnther , Schlagerfahrt, ausgefallen (Corona)<\/li>\n<li>2020: ausgefallen (Corona)<\/li>\n<li>2018: 07.09 &#8211; 09.09 <strong>Amsterdam<\/strong><\/li>\n<\/ul>\n<p><a href=\"https:\/\/www.kc-dsp.de\/wp-content\/uploads\/2018\/11\/IMG_6761.jpg\"><img loading=\"lazy\" decoding=\"async\" class=\"alignnone size-medium wp-image-179\" src=\"https:\/\/www.kc-dsp.de\/wp-content\/uploads\/2018\/11\/IMG_6761-300x225.jpg\" alt=\"\" width=\"300\" height=\"225\" srcset=\"https:\/\/www.kc-dsp.de\/wp-content\/uploads\/2018\/11\/IMG_6761-300x225.jpg 300w, https:\/\/www.kc-dsp.de\/wp-content\/uploads\/2018\/11\/IMG_6761-768x576.jpg 768w, https:\/\/www.kc-dsp.de\/wp-content\/uploads\/2018\/11\/IMG_6761-1024x768.jpg 1024w\" sizes=\"auto, (max-width: 300px) 100vw, 300px\" \/><\/a><\/p>\n<ul>\n<li>2017: <strong>M\u00fcnster<\/strong> &#8211; Bierseminar Finne, Nordstern, Cavete, Elephant Lounge<\/li>\n<li>2016: <strong>Cochem<\/strong> an der Mosel<\/li>\n<li><a style=\"font-size: revert;\" href=\"https:\/\/www.kc-dsp.de\/wp-content\/uploads\/2017\/12\/IMG_20161002_112834.jpg\"><img loading=\"lazy\" decoding=\"async\" class=\"alignnone size-medium wp-image-108\" src=\"https:\/\/www.kc-dsp.de\/wp-content\/uploads\/2017\/12\/IMG_20161002_112834-300x300.jpg\" alt=\"\" width=\"300\" height=\"300\" srcset=\"https:\/\/www.kc-dsp.de\/wp-content\/uploads\/2017\/12\/IMG_20161002_112834-300x300.jpg 300w, https:\/\/www.kc-dsp.de\/wp-content\/uploads\/2017\/12\/IMG_20161002_112834-150x150.jpg 150w, https:\/\/www.kc-dsp.de\/wp-content\/uploads\/2017\/12\/IMG_20161002_112834-768x768.jpg 768w, https:\/\/www.kc-dsp.de\/wp-content\/uploads\/2017\/12\/IMG_20161002_112834-1024x1024.jpg 1024w\" sizes=\"auto, (max-width: 300px) 100vw, 300px\" \/><\/a><\/li>\n<li>2014: <strong>Wien<\/strong><\/li>\n<li>2013: <strong>M\u00fcnster<\/strong> &#8211; Stadtf\u00fchrung und &#8222;Von Fr\u00fch bis Sp\u00e4t&#8220;<\/li>\n<li>2012: <strong>K\u00f6ln<\/strong><\/li>\n<li>2011: <strong>M\u00fcnster<\/strong> &#8211; Kegelparty (17. Platz von 30)<\/li>\n<li>2010: <strong>Willingen<\/strong><\/li>\n<li>2009: <strong>Ahaus<\/strong> &#8211; Tobit &#8211; Amusementpark<\/li>\n<li>2008: <strong>Berlin<\/strong> &#8211; Gr\u00fcne Woche<\/li>\n<li>2007: <strong>M\u00fcnster<\/strong> &#8211; Kegelparty Halle M\u00fcnsterland; BVB &#8211; Spiel Dortmund<\/li>\n<li>2006: <strong>Kalkar<\/strong> &#8211; Kernwasserwunderland<\/li>\n<li>2005: <strong>Oelde<\/strong> &#8211; Potts Brauerei<\/li>\n<li>2004: <strong>M\u00fcnster<\/strong> &#8211; Kegelparty Halle M\u00fcnsterland<\/li>\n<li>2003: <strong>Hasel\u00fcnne<\/strong> &#8211; Berentzen Brennerei<\/li>\n<li>2002: ? (Wer sich erinnert war nicht dabei)<\/li>\n<li>2001: <strong>Rolinck Brauerei, Steinfurt<\/strong><\/li>\n<li>2000: <strong>Mallorca<\/strong><\/li>\n<li>1999: ? (Wer sich erinnert war nicht dabei)<\/li>\n<li>1998: ? (Wer sich erinnert war nicht dabei)<\/li>\n<li>1998: ? (Wer sich erinnert war nicht dabei)<\/li>\n<li>1997: <strong>Mallorca, N\u00e4he Balenario 3<\/strong><\/li>\n<li>1996: ? (Wer sich erinnert war nicht dabei)<\/li>\n<li>1995: ? (Wer sich erinnert war nicht dabei)<\/li>\n<li>1994: ? (Wer sich erinnert war nicht dabei) Gr\u00fcndungsjahr<\/li>\n<\/ul>\n<p>&nbsp;<\/p>\n","protected":false},"excerpt":{"rendered":"<p>2026: Vom 01.10 bis 04.10.2026 gro\u00dfer Jahresausflug. Ziel: \u00dcberraschung &nbsp; 2025: Kleiner Ausflug 3.10:\u00a0 Vorher inne Post und dann Oktoberfest M\u00fcnster &nbsp; 2024: L\u00fcneburg 20.09 &#8211; 22.09 &nbsp; &nbsp; &nbsp; &nbsp; &nbsp; &nbsp; 2022: Hamburg 16.09 &#8211; 18.09, Hafengeburtstag &nbsp; &nbsp; &nbsp; &nbsp; &nbsp; 2021: M\u00fcnster &#8211; MS G\u00fcnther , Schlagerfahrt, ausgefallen (Corona) 2020: ausgefallen &hellip; <a href=\"https:\/\/www.kc-dsp.de\/?page_id=107\" class=\"more-link\"><span class=\"screen-reader-text\">Wir kommen mal raus<\/span> weiterlesen<\/a><\/p>\n","protected":false},"author":1,"featured_media":0,"parent":2,"menu_order":1,"comment_status":"closed","ping_status":"closed","template":"","meta":{"footnotes":""},"class_list":["post-107","page","type-page","status-publish","hentry"],"_links":{"self":[{"href":"https:\/\/www.kc-dsp.de\/index.php?rest_route=\/wp\/v2\/pages\/107","targetHints":{"allow":["GET"]}}],"collection":[{"href":"https:\/\/www.kc-dsp.de\/index.php?rest_route=\/wp\/v2\/pages"}],"about":[{"href":"https:\/\/www.kc-dsp.de\/index.php?rest_route=\/wp\/v2\/types\/page"}],"author":[{"embeddable":true,"href":"https:\/\/www.kc-dsp.de\/index.php?rest_route=\/wp\/v2\/users\/1"}],"replies":[{"embeddable":true,"href":"https:\/\/www.kc-dsp.de\/index.php?rest_route=%2Fwp%2Fv2%2Fcomments&post=107"}],"version-history":[{"count":27,"href":"https:\/\/www.kc-dsp.de\/index.php?rest_route=\/wp\/v2\/pages\/107\/revisions"}],"predecessor-version":[{"id":403,"href":"https:\/\/www.kc-dsp.de\/index.php?rest_route=\/wp\/v2\/pages\/107\/revisions\/403"}],"up":[{"embeddable":true,"href":"https:\/\/www.kc-dsp.de\/index.php?rest_route=\/wp\/v2\/pages\/2"}],"wp:attachment":[{"href":"https:\/\/www.kc-dsp.de\/index.php?rest_route=%2Fwp%2Fv2%2Fmedia&parent=107"}],"curies":[{"name":"wp","href":"https:\/\/api.w.org\/{rel}","templated":true}]}}