{"id":130,"date":"2017-12-07T08:12:53","date_gmt":"2017-12-07T08:12:53","guid":{"rendered":"http:\/\/www.kc-dsp.de\/?page_id=130"},"modified":"2025-08-20T13:01:38","modified_gmt":"2025-08-20T13:01:38","slug":"aemter","status":"publish","type":"page","link":"https:\/\/www.kc-dsp.de\/?page_id=130","title":{"rendered":"Wir sind wer"},"content":{"rendered":"<h5>Geschichte:<\/h5>\n<p>Seit 1994 sind wir ein 12-Mann-Kegelclub aus Nienberge\/M\u00fcnster. In den ersten Jahren sind wir w\u00f6chentlich bei Haus Berger zum Kegeln eingekehrt. In den Jahren danach mussten wir zur Gastst\u00e4tte Wilhelmer umziehen.<\/p>\n<p>Beide M\u00f6glichkeiten wurden inzwischen aufgegeben.<\/p>\n<p>Mit einer Zwischenstation im Gasthaus Overwaul landeten wir schlie\u00dflich in Nienberge im Hotel zur Post , jetzt &#8222;Gasthaus zur Post&#8220;.<\/p>\n<p>Neben der j\u00e4hrlichen Kegeltour (alle 2 Jahre eine mehrt\u00e4gige Tour) veranstalten wir j\u00e4hrlich unser &#8222;T\u00f6nigsschie\u00dfen&#8220;. Au\u00dferdem treffen wir uns immer zu einer Maitour.<\/p>\n<p>Auf gute Freunde &#8211; Eure schuckeren Piener (Masematte &#8222;Die sch\u00f6nen Trinker&#8220;)<\/p>\n<h5><strong>\u00c4mter:<\/strong><\/h5>\n<ul>\n<li>Jahresmeister 2024: J\u00f6rch<\/li>\n<li>T\u00f6nig 2024\/2025\/2026: Kako<\/li>\n<li>T\u00f6nigin 2024\/2025\/2026: Katja<\/li>\n<li>Taiser 2022 &#8211; 2026: Kako<\/li>\n<li>Taiserin 2022 &#8211; 2026: Katja<\/li>\n<li>Festausschuss 2025-2026: Blocki und Farmer<\/li>\n<li>Kasse &#8211; seit 2024: J\u00f6rch<\/li>\n<li>Kegelvatta &#8211; seit 2025: Lars<\/li>\n<\/ul>\n<hr \/>\n<hr \/>\n<h5>Piener Aktuell:<\/h5>\n<ul>\n<li>J\u00f6rgel<\/li>\n<li>Ente<\/li>\n<li>Maik<\/li>\n<li>Bernd<\/li>\n<li>Lars<\/li>\n<li>Kako<\/li>\n<li>Farmer<\/li>\n<li>Feldi<\/li>\n<li>Sm\u00f6re<\/li>\n<li>Christian<\/li>\n<li>Tobi<\/li>\n<li>Blocki<\/li>\n<\/ul>\n<h4>Ehemalige<\/h4>\n<ul>\n<li>Guido<\/li>\n<li>R\u00f6se<\/li>\n<li>Lucky<\/li>\n<li>Beagle<\/li>\n<\/ul>\n<pre><\/pre>\n<hr \/>\n","protected":false},"excerpt":{"rendered":"<p>Geschichte: Seit 1994 sind wir ein 12-Mann-Kegelclub aus Nienberge\/M\u00fcnster. In den ersten Jahren sind wir w\u00f6chentlich bei Haus Berger zum Kegeln eingekehrt. In den Jahren danach mussten wir zur Gastst\u00e4tte Wilhelmer umziehen. Beide M\u00f6glichkeiten wurden inzwischen aufgegeben. Mit einer Zwischenstation im Gasthaus Overwaul landeten wir schlie\u00dflich in Nienberge im Hotel zur Post , jetzt &#8222;Gasthaus &hellip; <a href=\"https:\/\/www.kc-dsp.de\/?page_id=130\" class=\"more-link\"><span class=\"screen-reader-text\">Wir sind wer<\/span> weiterlesen<\/a><\/p>\n","protected":false},"author":1,"featured_media":0,"parent":2,"menu_order":0,"comment_status":"closed","ping_status":"closed","template":"","meta":{"footnotes":""},"class_list":["post-130","page","type-page","status-publish","hentry"],"_links":{"self":[{"href":"https:\/\/www.kc-dsp.de\/index.php?rest_route=\/wp\/v2\/pages\/130","targetHints":{"allow":["GET"]}}],"collection":[{"href":"https:\/\/www.kc-dsp.de\/index.php?rest_route=\/wp\/v2\/pages"}],"about":[{"href":"https:\/\/www.kc-dsp.de\/index.php?rest_route=\/wp\/v2\/types\/page"}],"author":[{"embeddable":true,"href":"https:\/\/www.kc-dsp.de\/index.php?rest_route=\/wp\/v2\/users\/1"}],"replies":[{"embeddable":true,"href":"https:\/\/www.kc-dsp.de\/index.php?rest_route=%2Fwp%2Fv2%2Fcomments&post=130"}],"version-history":[{"count":28,"href":"https:\/\/www.kc-dsp.de\/index.php?rest_route=\/wp\/v2\/pages\/130\/revisions"}],"predecessor-version":[{"id":380,"href":"https:\/\/www.kc-dsp.de\/index.php?rest_route=\/wp\/v2\/pages\/130\/revisions\/380"}],"up":[{"embeddable":true,"href":"https:\/\/www.kc-dsp.de\/index.php?rest_route=\/wp\/v2\/pages\/2"}],"wp:attachment":[{"href":"https:\/\/www.kc-dsp.de\/index.php?rest_route=%2Fwp%2Fv2%2Fmedia&parent=130"}],"curies":[{"name":"wp","href":"https:\/\/api.w.org\/{rel}","templated":true}]}}