{"id":139,"date":"2017-12-07T08:23:09","date_gmt":"2017-12-07T08:23:09","guid":{"rendered":"http:\/\/www.kc-dsp.de\/?page_id=139"},"modified":"2026-02-06T08:07:14","modified_gmt":"2026-02-06T08:07:14","slug":"archiv","status":"publish","type":"page","link":"https:\/\/www.kc-dsp.de\/?page_id=139","title":{"rendered":"Wir schreiben Geschichte"},"content":{"rendered":"<p><strong>Historie:<\/strong><\/p>\n<p><em>Jahresmeister<\/em><\/p>\n<ol>\n<li>1994: Lars<\/li>\n<li>1995: Lars<\/li>\n<li>1996: J\u00f6rch<\/li>\n<li>1997: Lars<\/li>\n<li>1998: R\u00f6se<\/li>\n<li>1999: Bernd<\/li>\n<li>2000: J\u00f6rch<\/li>\n<li>2001: Bernd<\/li>\n<li>2002: Sm\u00f6re<\/li>\n<li>2003: Sm\u00f6re<\/li>\n<li>2004: Maik<\/li>\n<li>2005: Sm\u00f6re<\/li>\n<li>2006: Bernd<\/li>\n<li>2007: Kako<\/li>\n<li>2008: Kako<\/li>\n<li>2009: Kako<\/li>\n<li>2010: Maik<\/li>\n<li>2011: Maik<\/li>\n<li>2012: Maik<\/li>\n<li>2013: Maik<\/li>\n<li>2014: Maik<\/li>\n<li>2015: Tobi<\/li>\n<li>2016: Maik<\/li>\n<li>2017: Lars<\/li>\n<li><strong>2018 Jubil\u00e4umsjahr: Maik<\/strong><\/li>\n<li>2019: J\u00f6rch<\/li>\n<li>2020: Maik<\/li>\n<li>2021: Sch\u00e4del<\/li>\n<li>2022: Lars<\/li>\n<li>2023: J\u00f6rch<\/li>\n<li>2024: J\u00f6rch<\/li>\n<li>2025: J\u00f6rch<\/li>\n<\/ol>\n<hr \/>\n<p><em>T\u00f6nig<\/em><\/p>\n<ul>\n<li>2008\/2009 Maik<\/li>\n<li>2014\/2015 Lars<\/li>\n<li>2016\/2017 Babsi<\/li>\n<li>2017\/2018 Tobi<\/li>\n<li>2018\/2019 Farmer<\/li>\n<li>2019\/2021 Kako<\/li>\n<li>2021\/2022 Ente<\/li>\n<li>2022\/2023: Bernd<\/li>\n<li>2023\/2024: Feldi<\/li>\n<li>2024\/2025: Kako<\/li>\n<li>2025\/2026: Kako<\/li>\n<\/ul>\n<hr \/>\n<p><em>T\u00f6nigin<\/em><\/p>\n<ul>\n<li>2008\/2009 Lars<\/li>\n<li>2012\/2013 Lars ?<\/li>\n<li>2014\/2015 Sm\u00f6rre<\/li>\n<li>2016\/2017 J\u00f6rch<\/li>\n<li>2017\/2018 Feldi<\/li>\n<li>2018\/2019 Meike<\/li>\n<li>2019\/2020 Katja<\/li>\n<li>2021\/2022 Maik<\/li>\n<li>2022\/2023 Lina<\/li>\n<li>2023\/2024: Elke<\/li>\n<li>2024\/2025: Katja<\/li>\n<li>2025\/2026: Katja<\/li>\n<\/ul>\n<hr \/>\n<p><em>Taiser (Alle 4 Jahre &#8211; au\u00dfer Coronajahre)<br \/><\/em><\/p>\n<ul>\n<li>2008 &#8211; 2012 J\u00fcrgen<\/li>\n<li>2012 &#8211; 2016 Babsi<\/li>\n<li>2016 &#8211; 2022 (Corona) J\u00f6rch<\/li>\n<li>2022 &#8211; 2026 Kako<\/li>\n<\/ul>\n<hr \/>\n<p><em>Taiserin (Alle 4 Jahre &#8211; au\u00dfer Coronajahre)<br \/><\/em><\/p>\n<ul>\n<li>2008-2012 Kirsten<\/li>\n<li>2012 &#8211; 2016 Katja<\/li>\n<li>2016 &#8211; 2022\u00a0 (Corona) Beate<\/li>\n<li>2022 &#8211; 2026 Katja<\/li>\n<\/ul>\n<p>Kegelvatta<\/p>\n<ul>\n<li>2015 &#8211; 2018: Farmer<\/li>\n<li>2019 &#8211; 2021: J\u00f6rch<\/li>\n<li>2022 &#8211; 2024: Tobi\u00a0<\/li>\n<li>2025: Lars<\/li>\n<li>2026 &#8211; heute: Kako<\/li>\n<\/ul>\n<p>Festausschuss<\/p>\n<ul>\n<li>2021 &#8211; 2022: Feldi und Ente<\/li>\n<li>2023-2024: Maik und Christian<\/li>\n<li>2025-2026: Blocki und Farmer<\/li>\n<\/ul>\n<hr \/>\n\n\n<p><\/p>\n","protected":false},"excerpt":{"rendered":"<p>Historie: Jahresmeister 1994: Lars 1995: Lars 1996: J\u00f6rch 1997: Lars 1998: R\u00f6se 1999: Bernd 2000: J\u00f6rch 2001: Bernd 2002: Sm\u00f6re 2003: Sm\u00f6re 2004: Maik 2005: Sm\u00f6re 2006: Bernd 2007: Kako 2008: Kako 2009: Kako 2010: Maik 2011: Maik 2012: Maik 2013: Maik 2014: Maik 2015: Tobi 2016: Maik 2017: Lars 2018 Jubil\u00e4umsjahr: Maik 2019: J\u00f6rch &hellip; <a href=\"https:\/\/www.kc-dsp.de\/?page_id=139\" class=\"more-link\"><span class=\"screen-reader-text\">Wir schreiben Geschichte<\/span> weiterlesen<\/a><\/p>\n","protected":false},"author":1,"featured_media":0,"parent":2,"menu_order":3,"comment_status":"closed","ping_status":"closed","template":"","meta":{"footnotes":""},"class_list":["post-139","page","type-page","status-publish","hentry"],"_links":{"self":[{"href":"https:\/\/www.kc-dsp.de\/index.php?rest_route=\/wp\/v2\/pages\/139","targetHints":{"allow":["GET"]}}],"collection":[{"href":"https:\/\/www.kc-dsp.de\/index.php?rest_route=\/wp\/v2\/pages"}],"about":[{"href":"https:\/\/www.kc-dsp.de\/index.php?rest_route=\/wp\/v2\/types\/page"}],"author":[{"embeddable":true,"href":"https:\/\/www.kc-dsp.de\/index.php?rest_route=\/wp\/v2\/users\/1"}],"replies":[{"embeddable":true,"href":"https:\/\/www.kc-dsp.de\/index.php?rest_route=%2Fwp%2Fv2%2Fcomments&post=139"}],"version-history":[{"count":23,"href":"https:\/\/www.kc-dsp.de\/index.php?rest_route=\/wp\/v2\/pages\/139\/revisions"}],"predecessor-version":[{"id":404,"href":"https:\/\/www.kc-dsp.de\/index.php?rest_route=\/wp\/v2\/pages\/139\/revisions\/404"}],"up":[{"embeddable":true,"href":"https:\/\/www.kc-dsp.de\/index.php?rest_route=\/wp\/v2\/pages\/2"}],"wp:attachment":[{"href":"https:\/\/www.kc-dsp.de\/index.php?rest_route=%2Fwp%2Fv2%2Fmedia&parent=139"}],"curies":[{"name":"wp","href":"https:\/\/api.w.org\/{rel}","templated":true}]}}