{"id":310,"date":"2023-07-25T11:14:44","date_gmt":"2023-07-25T11:14:44","guid":{"rendered":"https:\/\/www.kc-dsp.de\/?page_id=310"},"modified":"2025-01-15T07:24:06","modified_gmt":"2025-01-15T07:24:06","slug":"wir-haben-ein-impressum","status":"publish","type":"page","link":"https:\/\/www.kc-dsp.de\/?page_id=310","title":{"rendered":"Wir haben ein Impressum"},"content":{"rendered":"\n<p><strong>Impressum:<\/strong><\/p>\n\n\n\n<div class=\"wp-block-group\"><div class=\"wp-block-group__inner-container is-layout-constrained wp-block-group-is-layout-constrained\">\n<p>Kegelclub &#8222;Die schuckeren Piener&#8220;<\/p>\n\n\n\n<p>c\/o Wirtshaus zur Post <\/p>\n\n\n\n<p>Altenberger Strasse 8<\/p>\n\n\n\n<p>48161 M\u00fcnster Nienberge<\/p>\n<\/div><\/div>\n\n\n\n<p><\/p>\n\n\n\n<p><strong>Verantwortlich f\u00fcr den Inhalt nach \u00a7 55 abs. 2 RSTV: <\/strong><\/p>\n\n\n\n<p>Farmer<\/p>\n\n\n\n<p><\/p>\n\n\n\n<h2 class=\"wp-block-heading\">Urheberecht<\/h2>\n\n\n\n<p>Die durch den Seitenbetreiber erstellten Inhalte und Werke (Fotos, Videos, Texte) auf diesen Seiten unterliegen dem deutschen Urheberrecht. Die Vervielf\u00e4ltigung, Bearbeitung, Verbreitung und jede Art der Verwertung au\u00dferhalb der Grenzen des Urheberrechtes bed\u00fcrfen der schriftlichen Zustimmung durch&nbsp;<strong>connACT<\/strong>. Downloads und Kopien dieser Seite sind nur f\u00fcr den privaten, nicht kommerziellen Gebrauch gestattet.<\/p>\n\n\n\n<p>Insbesondere d\u00fcrfen Nachdruck, Aufnahme in Online-Dienste, Internet und Vervielf\u00e4ltigung auf Datentr\u00e4ger wie CD-ROM, DVD-ROM usw., auch auszugsweise, nur nach vorheriger schriftlicher Zustimmung durch&nbsp;<strong>connACT<\/strong>&nbsp;erfolgen. connACT haftet nicht f\u00fcr unverlangt eingesandte Inhalte, Manuskripte und Fotos.<\/p>\n\n\n\n<h2 class=\"wp-block-heading\">Haftungshinweis<\/h2>\n\n\n\n<p>Trotz sorgf\u00e4ltiger inhaltlicher Kontrolle \u00fcbernehmen wir keine Haftung f\u00fcr die Inhalte externer Links. F\u00fcr den Inhalt der verlinkten Seiten sind ausschlie\u00dflich deren Betreiber verantwortlich.<\/p>\n","protected":false},"excerpt":{"rendered":"<p>Impressum: Kegelclub &#8222;Die schuckeren Piener&#8220; c\/o Wirtshaus zur Post Altenberger Strasse 8 48161 M\u00fcnster Nienberge Verantwortlich f\u00fcr den Inhalt nach \u00a7 55 abs. 2 RSTV: Farmer Urheberecht Die durch den Seitenbetreiber erstellten Inhalte und Werke (Fotos, Videos, Texte) auf diesen Seiten unterliegen dem deutschen Urheberrecht. Die Vervielf\u00e4ltigung, Bearbeitung, Verbreitung und jede Art der Verwertung au\u00dferhalb &hellip; <a href=\"https:\/\/www.kc-dsp.de\/?page_id=310\" class=\"more-link\"><span class=\"screen-reader-text\">Wir haben ein Impressum<\/span> weiterlesen<\/a><\/p>\n","protected":false},"author":1,"featured_media":0,"parent":2,"menu_order":9,"comment_status":"closed","ping_status":"closed","template":"","meta":{"footnotes":""},"class_list":["post-310","page","type-page","status-publish","hentry"],"_links":{"self":[{"href":"https:\/\/www.kc-dsp.de\/index.php?rest_route=\/wp\/v2\/pages\/310","targetHints":{"allow":["GET"]}}],"collection":[{"href":"https:\/\/www.kc-dsp.de\/index.php?rest_route=\/wp\/v2\/pages"}],"about":[{"href":"https:\/\/www.kc-dsp.de\/index.php?rest_route=\/wp\/v2\/types\/page"}],"author":[{"embeddable":true,"href":"https:\/\/www.kc-dsp.de\/index.php?rest_route=\/wp\/v2\/users\/1"}],"replies":[{"embeddable":true,"href":"https:\/\/www.kc-dsp.de\/index.php?rest_route=%2Fwp%2Fv2%2Fcomments&post=310"}],"version-history":[{"count":7,"href":"https:\/\/www.kc-dsp.de\/index.php?rest_route=\/wp\/v2\/pages\/310\/revisions"}],"predecessor-version":[{"id":366,"href":"https:\/\/www.kc-dsp.de\/index.php?rest_route=\/wp\/v2\/pages\/310\/revisions\/366"}],"up":[{"embeddable":true,"href":"https:\/\/www.kc-dsp.de\/index.php?rest_route=\/wp\/v2\/pages\/2"}],"wp:attachment":[{"href":"https:\/\/www.kc-dsp.de\/index.php?rest_route=%2Fwp%2Fv2%2Fmedia&parent=310"}],"curies":[{"name":"wp","href":"https:\/\/api.w.org\/{rel}","templated":true}]}}